{"id":3622,"date":"2025-05-20T23:31:34","date_gmt":"2025-05-20T21:31:34","guid":{"rendered":"https:\/\/mcadvertising.net\/contacte-web\/"},"modified":"2025-07-08T14:42:26","modified_gmt":"2025-07-08T12:42:26","slug":"contacte-web","status":"publish","type":"page","link":"https:\/\/mcadvertising.net\/ca\/contacte-web\/","title":{"rendered":"Contacte Web"},"content":{"rendered":"\t\t<div data-elementor-type=\"wp-page\" data-elementor-id=\"3622\" class=\"elementor elementor-3622 elementor-3072\" data-elementor-post-type=\"page\">\n\t\t\t\t\t\t<section data-particle_enable=\"false\" data-particle-mobile-disabled=\"false\" class=\"elementor-section elementor-top-section elementor-element elementor-element-bfb0ae7 elementor-section-boxed elementor-section-height-default elementor-section-height-default\" data-id=\"bfb0ae7\" data-element_type=\"section\">\n\t\t\t\t\t\t<div class=\"elementor-container elementor-column-gap-no\">\n\t\t\t\t\t<div class=\"elementor-column elementor-col-100 elementor-top-column elementor-element elementor-element-ab6ff31\" data-id=\"ab6ff31\" data-element_type=\"column\">\n\t\t\t<div class=\"elementor-widget-wrap elementor-element-populated\">\n\t\t\t\t\t\t<div class=\"elementor-element elementor-element-d97f659 elementor-widget elementor-widget-heading\" data-id=\"d97f659\" data-element_type=\"widget\" data-widget_type=\"heading.default\">\n\t\t\t\t<div class=\"elementor-widget-container\">\n\t\t\t\t\t<h2 class=\"elementor-heading-title elementor-size-default\">CL\u00c0USULA APARTAT DE CONTACTE WEB\n<\/h2>\t\t\t\t<\/div>\n\t\t\t\t<\/div>\n\t\t\t\t<div class=\"elementor-element elementor-element-6e94aa5 elementor-widget elementor-widget-text-editor\" data-id=\"6e94aa5\" data-element_type=\"widget\" data-widget_type=\"text-editor.default\">\n\t\t\t\t<div class=\"elementor-widget-container\">\n\t\t\t\t\t\t\t\t\t<p>La comunicaci\u00f3 de les seves dades ser\u00e0 objecte de tractament per part del Responsable del Tractament <strong>PUBLICITAT DEL MONTSENY SL<\/strong> . Aquesta comunicaci\u00f3 s&#8217;utilitzar\u00e0 exclusivament per tractar les vostres dades per atendre la vostra sol\u00b7licitud, sempre d&#8217;acord amb el Reglament (UE) 2016\/679 de 27 d&#8217;abril de 2016 (RGPD), Llei Org\u00e0nica 3\/2018 de 5 de desembre (LOPDGDD) i la resta de normativa legal vigent en mat\u00e8ria de protecci\u00f3 de dades personals, sobre protecci\u00f3 de dades. Les vostres dades no es comunicaran a tercers, excepte per obligaci\u00f3 legal, i es mantindran mentre no sol\u00b7licite la cancel\u00b7laci\u00f3.  <\/p><p>En qualsevol moment podeu exercir els drets d&#8217;acc\u00e9s, rectificaci\u00f3, portabilitat i oposici\u00f3, o si escau, a la limitaci\u00f3 i\/o cancel\u00b7laci\u00f3 del tractament, comunicant-ho per escrit, indicant les vostres dades personals al c\/ Costa d&#8217;en Paratge, 22 baixos 08500, Vic o mitjan\u00e7ant un email a <a href=\"mailto:sandra@mcadvertising.net\">sandra@mcadvertising.net.<\/a><\/p>\t\t\t\t\t\t\t\t<\/div>\n\t\t\t\t<\/div>\n\t\t\t\t\t<\/div>\n\t\t<\/div>\n\t\t\t\t\t<\/div>\n\t\t<\/section>\n\t\t\t\t<\/div>\n\t\t","protected":false},"excerpt":{"rendered":"<p>CL\u00c0USULA APARTAT DE CONTACTE WEB La comunicaci\u00f3 de les seves dades ser\u00e0 objecte de tractament per part del Responsable del Tractament PUBLICITAT DEL MONTSENY SL . Aquesta comunicaci\u00f3 s&#8217;utilitzar\u00e0 exclusivament per tractar les vostres dades per atendre la vostra sol\u00b7licitud, sempre d&#8217;acord amb el Reglament (UE) 2016\/679 de 27 d&#8217;abril de 2016 (RGPD), Llei Org\u00e0nica [&hellip;]<\/p>\n","protected":false},"author":1,"featured_media":0,"parent":0,"menu_order":0,"comment_status":"closed","ping_status":"closed","template":"","meta":{"footnotes":""},"class_list":["post-3622","page","type-page","status-publish","hentry"],"yoast_head":"<!-- This site is optimized with the Yoast SEO plugin v27.4 - https:\/\/yoast.com\/product\/yoast-seo-wordpress\/ -->\n<title>Contacte Web - MC Advertising.net<\/title>\n<meta name=\"robots\" content=\"index, follow, max-snippet:-1, max-image-preview:large, max-video-preview:-1\" \/>\n<link rel=\"canonical\" href=\"https:\/\/mcadvertising.net\/ca\/contacte-web\/\" \/>\n<meta property=\"og:locale\" content=\"ca_ES\" \/>\n<meta property=\"og:type\" content=\"article\" \/>\n<meta property=\"og:title\" content=\"Contacte Web - MC Advertising.net\" \/>\n<meta property=\"og:description\" content=\"CL\u00c0USULA APARTAT DE CONTACTE WEB La comunicaci\u00f3 de les seves dades ser\u00e0 objecte de tractament per part del Responsable del Tractament PUBLICITAT DEL MONTSENY SL . Aquesta comunicaci\u00f3 s&#8217;utilitzar\u00e0 exclusivament per tractar les vostres dades per atendre la vostra sol\u00b7licitud, sempre d&#8217;acord amb el Reglament (UE) 2016\/679 de 27 d&#8217;abril de 2016 (RGPD), Llei Org\u00e0nica [&hellip;]\" \/>\n<meta property=\"og:url\" content=\"https:\/\/mcadvertising.net\/ca\/contacte-web\/\" \/>\n<meta property=\"og:site_name\" content=\"MC Advertising.net\" \/>\n<meta property=\"article:modified_time\" content=\"2025-07-08T12:42:26+00:00\" \/>\n<meta name=\"twitter:card\" content=\"summary_large_image\" \/>\n<meta name=\"twitter:label1\" content=\"Temps estimat de lectura\" \/>\n\t<meta name=\"twitter:data1\" content=\"1 minut\" \/>\n<script type=\"application\/ld+json\" class=\"yoast-schema-graph\">{\"@context\":\"https:\\\/\\\/schema.org\",\"@graph\":[{\"@type\":\"WebPage\",\"@id\":\"https:\\\/\\\/mcadvertising.net\\\/ca\\\/contacte-web\\\/\",\"url\":\"https:\\\/\\\/mcadvertising.net\\\/ca\\\/contacte-web\\\/\",\"name\":\"Contacte Web - MC Advertising.net\",\"isPartOf\":{\"@id\":\"https:\\\/\\\/mcadvertising.net\\\/ca\\\/#website\"},\"datePublished\":\"2025-05-20T21:31:34+00:00\",\"dateModified\":\"2025-07-08T12:42:26+00:00\",\"breadcrumb\":{\"@id\":\"https:\\\/\\\/mcadvertising.net\\\/ca\\\/contacte-web\\\/#breadcrumb\"},\"inLanguage\":\"ca\",\"potentialAction\":[{\"@type\":\"ReadAction\",\"target\":[\"https:\\\/\\\/mcadvertising.net\\\/ca\\\/contacte-web\\\/\"]}]},{\"@type\":\"BreadcrumbList\",\"@id\":\"https:\\\/\\\/mcadvertising.net\\\/ca\\\/contacte-web\\\/#breadcrumb\",\"itemListElement\":[{\"@type\":\"ListItem\",\"position\":1,\"name\":\"Portada\",\"item\":\"https:\\\/\\\/mcadvertising.net\\\/ca\\\/\"},{\"@type\":\"ListItem\",\"position\":2,\"name\":\"Contacte Web\"}]},{\"@type\":\"WebSite\",\"@id\":\"https:\\\/\\\/mcadvertising.net\\\/ca\\\/#website\",\"url\":\"https:\\\/\\\/mcadvertising.net\\\/ca\\\/\",\"name\":\"MC Advertising\",\"description\":\"\",\"publisher\":{\"@id\":\"https:\\\/\\\/mcadvertising.net\\\/ca\\\/#organization\"},\"potentialAction\":[{\"@type\":\"SearchAction\",\"target\":{\"@type\":\"EntryPoint\",\"urlTemplate\":\"https:\\\/\\\/mcadvertising.net\\\/ca\\\/?s={search_term_string}\"},\"query-input\":{\"@type\":\"PropertyValueSpecification\",\"valueRequired\":true,\"valueName\":\"search_term_string\"}}],\"inLanguage\":\"ca\"},{\"@type\":\"Organization\",\"@id\":\"https:\\\/\\\/mcadvertising.net\\\/ca\\\/#organization\",\"name\":\"MC Advertising\",\"url\":\"https:\\\/\\\/mcadvertising.net\\\/ca\\\/\",\"logo\":{\"@type\":\"ImageObject\",\"inLanguage\":\"ca\",\"@id\":\"https:\\\/\\\/mcadvertising.net\\\/ca\\\/#\\\/schema\\\/logo\\\/image\\\/\",\"url\":\"https:\\\/\\\/mcadvertising.net\\\/wp-content\\\/uploads\\\/2025\\\/06\\\/LOGO_MC-r.png\",\"contentUrl\":\"https:\\\/\\\/mcadvertising.net\\\/wp-content\\\/uploads\\\/2025\\\/06\\\/LOGO_MC-r.png\",\"width\":1200,\"height\":173,\"caption\":\"MC Advertising\"},\"image\":{\"@id\":\"https:\\\/\\\/mcadvertising.net\\\/ca\\\/#\\\/schema\\\/logo\\\/image\\\/\"},\"sameAs\":[\"https:\\\/\\\/www.linkedin.com\\\/company\\\/mcadvertising\\\/\",\"https:\\\/\\\/www.instagram.com\\\/mcadvertising_net\",\"https:\\\/\\\/www.youtube.com\\\/@mc.advertising\"]}]}<\/script>\n<!-- \/ Yoast SEO plugin. -->","yoast_head_json":{"title":"Contacte Web - MC Advertising.net","robots":{"index":"index","follow":"follow","max-snippet":"max-snippet:-1","max-image-preview":"max-image-preview:large","max-video-preview":"max-video-preview:-1"},"canonical":"https:\/\/mcadvertising.net\/ca\/contacte-web\/","og_locale":"ca_ES","og_type":"article","og_title":"Contacte Web - MC Advertising.net","og_description":"CL\u00c0USULA APARTAT DE CONTACTE WEB La comunicaci\u00f3 de les seves dades ser\u00e0 objecte de tractament per part del Responsable del Tractament PUBLICITAT DEL MONTSENY SL . Aquesta comunicaci\u00f3 s&#8217;utilitzar\u00e0 exclusivament per tractar les vostres dades per atendre la vostra sol\u00b7licitud, sempre d&#8217;acord amb el Reglament (UE) 2016\/679 de 27 d&#8217;abril de 2016 (RGPD), Llei Org\u00e0nica [&hellip;]","og_url":"https:\/\/mcadvertising.net\/ca\/contacte-web\/","og_site_name":"MC Advertising.net","article_modified_time":"2025-07-08T12:42:26+00:00","twitter_card":"summary_large_image","twitter_misc":{"Temps estimat de lectura":"1 minut"},"schema":{"@context":"https:\/\/schema.org","@graph":[{"@type":"WebPage","@id":"https:\/\/mcadvertising.net\/ca\/contacte-web\/","url":"https:\/\/mcadvertising.net\/ca\/contacte-web\/","name":"Contacte Web - MC Advertising.net","isPartOf":{"@id":"https:\/\/mcadvertising.net\/ca\/#website"},"datePublished":"2025-05-20T21:31:34+00:00","dateModified":"2025-07-08T12:42:26+00:00","breadcrumb":{"@id":"https:\/\/mcadvertising.net\/ca\/contacte-web\/#breadcrumb"},"inLanguage":"ca","potentialAction":[{"@type":"ReadAction","target":["https:\/\/mcadvertising.net\/ca\/contacte-web\/"]}]},{"@type":"BreadcrumbList","@id":"https:\/\/mcadvertising.net\/ca\/contacte-web\/#breadcrumb","itemListElement":[{"@type":"ListItem","position":1,"name":"Portada","item":"https:\/\/mcadvertising.net\/ca\/"},{"@type":"ListItem","position":2,"name":"Contacte Web"}]},{"@type":"WebSite","@id":"https:\/\/mcadvertising.net\/ca\/#website","url":"https:\/\/mcadvertising.net\/ca\/","name":"MC Advertising","description":"","publisher":{"@id":"https:\/\/mcadvertising.net\/ca\/#organization"},"potentialAction":[{"@type":"SearchAction","target":{"@type":"EntryPoint","urlTemplate":"https:\/\/mcadvertising.net\/ca\/?s={search_term_string}"},"query-input":{"@type":"PropertyValueSpecification","valueRequired":true,"valueName":"search_term_string"}}],"inLanguage":"ca"},{"@type":"Organization","@id":"https:\/\/mcadvertising.net\/ca\/#organization","name":"MC Advertising","url":"https:\/\/mcadvertising.net\/ca\/","logo":{"@type":"ImageObject","inLanguage":"ca","@id":"https:\/\/mcadvertising.net\/ca\/#\/schema\/logo\/image\/","url":"https:\/\/mcadvertising.net\/wp-content\/uploads\/2025\/06\/LOGO_MC-r.png","contentUrl":"https:\/\/mcadvertising.net\/wp-content\/uploads\/2025\/06\/LOGO_MC-r.png","width":1200,"height":173,"caption":"MC Advertising"},"image":{"@id":"https:\/\/mcadvertising.net\/ca\/#\/schema\/logo\/image\/"},"sameAs":["https:\/\/www.linkedin.com\/company\/mcadvertising\/","https:\/\/www.instagram.com\/mcadvertising_net","https:\/\/www.youtube.com\/@mc.advertising"]}]}},"_links":{"self":[{"href":"https:\/\/mcadvertising.net\/ca\/wp-json\/wp\/v2\/pages\/3622","targetHints":{"allow":["GET"]}}],"collection":[{"href":"https:\/\/mcadvertising.net\/ca\/wp-json\/wp\/v2\/pages"}],"about":[{"href":"https:\/\/mcadvertising.net\/ca\/wp-json\/wp\/v2\/types\/page"}],"author":[{"embeddable":true,"href":"https:\/\/mcadvertising.net\/ca\/wp-json\/wp\/v2\/users\/1"}],"replies":[{"embeddable":true,"href":"https:\/\/mcadvertising.net\/ca\/wp-json\/wp\/v2\/comments?post=3622"}],"version-history":[{"count":1,"href":"https:\/\/mcadvertising.net\/ca\/wp-json\/wp\/v2\/pages\/3622\/revisions"}],"predecessor-version":[{"id":3623,"href":"https:\/\/mcadvertising.net\/ca\/wp-json\/wp\/v2\/pages\/3622\/revisions\/3623"}],"wp:attachment":[{"href":"https:\/\/mcadvertising.net\/ca\/wp-json\/wp\/v2\/media?parent=3622"}],"curies":[{"name":"wp","href":"https:\/\/api.w.org\/{rel}","templated":true}]}}