{"id":4600,"date":"2025-05-20T22:50:29","date_gmt":"2025-05-20T20:50:29","guid":{"rendered":"https:\/\/mcadvertising.net\/avis-legal\/"},"modified":"2025-09-26T12:42:15","modified_gmt":"2025-09-26T10:42:15","slug":"avis-legal","status":"publish","type":"page","link":"https:\/\/mcadvertising.net\/ca\/avis-legal\/","title":{"rendered":"Av\u00eds legal"},"content":{"rendered":"\t\t<div data-elementor-type=\"wp-page\" data-elementor-id=\"4600\" class=\"elementor elementor-4600 elementor-3026\" data-elementor-post-type=\"page\">\n\t\t\t\t\t\t<section data-particle_enable=\"false\" data-particle-mobile-disabled=\"false\" class=\"elementor-section elementor-top-section elementor-element elementor-element-bfb0ae7 elementor-section-boxed elementor-section-height-default elementor-section-height-default\" data-id=\"bfb0ae7\" data-element_type=\"section\">\n\t\t\t\t\t\t<div class=\"elementor-container elementor-column-gap-no\">\n\t\t\t\t\t<div class=\"elementor-column elementor-col-100 elementor-top-column elementor-element elementor-element-ab6ff31\" data-id=\"ab6ff31\" data-element_type=\"column\">\n\t\t\t<div class=\"elementor-widget-wrap elementor-element-populated\">\n\t\t\t\t\t\t<div class=\"elementor-element elementor-element-d97f659 elementor-widget elementor-widget-heading\" data-id=\"d97f659\" data-element_type=\"widget\" data-widget_type=\"heading.default\">\n\t\t\t\t<div class=\"elementor-widget-container\">\n\t\t\t\t\t<h2 class=\"elementor-heading-title elementor-size-default\">AV\u00cdS LEGAL<\/h2>\t\t\t\t<\/div>\n\t\t\t\t<\/div>\n\t\t\t\t<div class=\"elementor-element elementor-element-6e94aa5 elementor-widget elementor-widget-text-editor\" data-id=\"6e94aa5\" data-element_type=\"widget\" data-widget_type=\"text-editor.default\">\n\t\t\t\t<div class=\"elementor-widget-container\">\n\t\t\t\t\t\t\t\t\t<p>Amb la finalitat de donar compliment a l\u2019article 10 de la Llei 34\/2002 de Serveis de la Societat de la Informaci\u00f3 i de Comer\u00e7 Electr\u00f2nic, informem els usuaris de les nostres dades:<\/p><p> <\/p><p>Denominaci\u00f3 Social: <strong>PUBLICITAT MONTSENY SL<\/strong><\/p><p>Domicili social: C\/ Costa d&#8217;en Paratge, 22 baixos, 08500 Vic (Barcelona) NIF: B58650813<\/p><p>Tel\u00e9fono: 938852019<\/p><p>E-Mail: <a href=\"mailto:info@mcadvertising.net\">info@mcadvertising.net<\/a> Lloc Web: <a href=\"http:\/\/www.mcadvertising.net\/\">www.mcadvertising.net<\/a> Dades Registrals:<\/p><p>Tomo 9397, libro 372, secci\u00f3n 3\u00ba, folio 55,hoja 109, inscripci\u00f3n1\u00ba . Barcelona 25, de Abril de 1988. <\/p><p> <\/p><h2>1. OBJECTE<strong> <\/strong><\/h2><p><strong>PUBLICITAT DEL MONTSENY SL <\/strong>(d\u2019ara endavant tamb\u00e9 el prestador), com a responsable del lloc web, posa a disposici\u00f3 dels usuaris aquest document, que regula l\u2019\u00fas del lloc web <a href=\"http:\/\/www.mcadvertising.net\/\">www.mcadvertising.net<\/a>, amb el qual es pret\u00e9n donar compliment a les obligacions disposades a la Llei 34\/2002, de Serveis de la Societat de la Informaci\u00f3 i de Comer\u00e7 Electr\u00f2nic (LSSICE o LSSI), aix\u00ed com informar tots els usuaris del lloc web sobre les condicions d\u2019\u00fas.<br><br>http:\/\/www.mcadvertising.net\/<\/p><p> <\/p><p>A trav\u00e9s de la web, <strong>PUBLICITAT DEL MONTSENY SL<\/strong> facilita als usuaris l\u2019acc\u00e9s i utilitzaci\u00f3 de diferents serveis i continguts posats a disposici\u00f3 a trav\u00e9s del lloc web.<\/p><p> <\/p><p>Tota persona que accedeixi a aquesta web assumeix el paper d\u2019usuari (d\u2019ara endavant, l\u2019usuari), i implica l\u2019acceptaci\u00f3 total i sense reserves de totes i cadascuna de les disposicions incloses en aquest av\u00eds legal, aix\u00ed com qualsevol altra disposici\u00f3 legal que sigui d\u2019aplicaci\u00f3.<\/p><p> <\/p><p>Com a usuaris, heu de llegir atentament aquest Av\u00eds Legal cada vegada que accediu a la web, ja que pot patir modificacions, ja que el prestador es reserva el dret de modificar qualsevol tipus d\u2019informaci\u00f3 que pugui apar\u00e8ixer a la web, sense que hi hagi obligaci\u00f3 de preavisar o posar en coneixement dels usuaris aquestes modificacions, essent suficient la publicaci\u00f3 al lloc web del prestador.<\/p><p> <\/p><h2>2. CONDICIONS D\u2019ACC\u00c9S I \u00daS DE LA WEB<strong> <\/strong><\/h2><h3>2.1. Car\u00e0cter gratu\u00eft de l\u2019acc\u00e9s i \u00fas de la web<strong> <\/strong><\/h3><p>La prestaci\u00f3 dels serveis per part de <strong>PUBLICITAT DEL MONTSENY SL<\/strong> t\u00e9 car\u00e0cter gratu\u00eft per a tots els usuaris.<\/p><h3>2.2. Registre d\u2019usuari<strong> <\/strong><\/h3><p>Amb car\u00e0cter general, la prestaci\u00f3 dels serveis no exigeix la pr\u00e8via subscripci\u00f3 o registre dels usuaris. Tot i aix\u00f2, <strong>PUBLICITAT DEL MONTSENY SL<\/strong> condiciona l\u2019\u00fas d\u2019alguns serveis a la pr\u00e8via complementaci\u00f3 del corresponent registre d\u2019usuari. Aquest registre s\u2019efectuar\u00e0 en la forma expressament indicada a la pr\u00f2pia secci\u00f3 del servei. <\/p><h3>2.3. Veracitat de la informaci\u00f3<strong> <\/strong><\/h3><p>Tota la informaci\u00f3 que faciliti l\u2019usuari ha de ser vera\u00e7. A aquests efectes, l\u2019usuari garanteix l\u2019autenticitat de les dades comunicades a trav\u00e9s dels formularis per a la subscripci\u00f3 dels serveis. Ser\u00e0 responsabilitat de l\u2019usuari mantenir tota la informaci\u00f3 facilitada a <strong>PUBLICITAT DEL MONTSENY SL<\/strong> permanentment actualitzada de manera que respongui, en cada moment, a la seva situaci\u00f3 real. En tot cas, l\u2019usuari ser\u00e0 l\u2019\u00fanic responsable de les manifestacions falses o inexactes que realitzi i dels perjudicis que causi al prestador o a tercers.   <\/p><h3>2.4. Menors d\u2019edat<strong> <\/strong><\/h3><p>Per a l\u2019\u00fas dels serveis, els menors d\u2019edat han d\u2019obtenir sempre pr\u00e8viament el consentiment dels pares, tutors o representants legals, responsables \u00faltims de tots els actes realitzats pels menors al seu c\u00e0rrec. La responsabilitat en la determinaci\u00f3 dels continguts concrets als quals accedeixen els menors correspon a ells; per aix\u00f2, si accedeixen a continguts no apropiats per Internet, s\u2019han d\u2019establir mecanismes als seus ordinadors, en particular programes inform\u00e0tics, filtres i bloqueigs, que permetin limitar els continguts disponibles. Encara que no siguin infal\u00b7libles, s\u00f3n especialment \u00fatils per controlar i restringir els materials als quals poden accedir els menors. <\/p><h3>2.5. Obligaci\u00f3 de fer un \u00fas correcte de la Web<strong> <\/strong><\/h3><p>L\u2019usuari es compromet a utilitzar la web de conformitat amb la Llei i aquest Av\u00eds Legal, aix\u00ed com amb la moral i les bones costums. A aquest efecte, l\u2019usuari s\u2019abstindr\u00e0 d\u2019utilitzar la p\u00e0gina amb finalitats il\u00b7l\u00edcites o prohibides, lesives dels drets i interessos de tercers, o que puguin, de qualsevol manera, malmetre, inutilitzar, sobrecarregar, deteriorar o impedir la normal utilitzaci\u00f3 d\u2019equips inform\u00e0tics o documents, arxius i tota mena de continguts emmagatzemats en qualsevol equip inform\u00e0tic del prestador. <\/p><p> <\/p><p>En particular, i a t\u00edtol indicatiu per\u00f2 no exhaustiu, l\u2019usuari es compromet a no transmetre, difondre o posar a disposici\u00f3 de tercers informacions, dades, continguts, missatges, gr\u00e0fics, dibuixos, arxius de so o imatge, fotografies, gravacions, programari i, en general, qualsevol tipus de material que:<\/p><p> <\/p><ul><li>sigui contrari, menyspre\u00ef o atempti contra els drets fonamentals i les llibertats p\u00fabliques reconegudes constitucionalment, en tractats internacionals i altres normes vigents;<\/li><li>indueixi, inciti o promogui actuacions delictives, denigrants, difamat\u00f2ries, violentes o, en general, contr\u00e0ries a la llei, la moral i l\u2019ordre p\u00fablic;<\/li><li>indueixi, inciti o promogui actuacions, actituds o pensaments discriminatoris per ra\u00f3 de sexe, ra\u00e7a, religi\u00f3, creences, edat o condici\u00f3;<\/li><li>sigui contrari al dret a l\u2019honor, a la intimitat personal o familiar o a la pr\u00f2pia imatge de les persones;<\/li><li>de qualsevol manera perjudiqui la credibilitat del prestador o de tercers; i<\/li><li>constitueixi publicitat il\u00b7l\u00edcita, enganyosa o&#8230;<\/li><\/ul><p> <\/p><h2>3. EXCLUSI\u00d3 DE GARANTIES I RESPONSABILITAT<strong> <\/strong><\/h2><p>El prestador s\u2019eximeix de qualsevol tipus de responsabilitat derivada de la informaci\u00f3 publicada al nostre lloc web, sempre que aquesta informaci\u00f3 hagi estat manipulada o introdu\u00efda per un tercer ali\u00e8.<\/p><p> <\/p><p>Aquest lloc web ha estat revisat i provat perqu\u00e8 funcioni correctament. En principi, es pot garantir el correcte funcionament els 365 dies de l\u2019any, 24 hores al dia. No obstant aix\u00f2, el prestador no descarta la possibilitat que existeixin determinats errors de programaci\u00f3, o que es produeixin causes de for\u00e7a major, cat\u00e0strofes naturals, vagues o circumst\u00e0ncies semblants que facin impossible l\u2019acc\u00e9s a la p\u00e0gina web.  <\/p><p> <\/p><p><strong>PUBLICITAT MONTSENY SL <\/strong>no atorga cap garantia ni es fa responsable, en cap cas, dels danys i perjudicis de qualsevol naturalesa que puguin derivar-se de:<br>la manca de disponibilitat, manteniment i efectiu funcionament de la web o dels seus serveis i continguts;<br>l\u2019exist\u00e8ncia de virus, programes maliciosos o lesius als continguts;<br>l\u2019\u00fas il\u00b7l\u00edcit, negligent, fraudulent o contrari a aquest Av\u00eds Legal i condicions d\u2019\u00fas; o<br>la manca de licitud, qualitat, fiabilitat, utilitat i disponibilitat dels serveis prestats per tercers i posats a disposici\u00f3 dels usuaris al lloc web.<\/p><p> <\/p><p>El prestador no es fa responsable sota cap concepte dels danys que puguin derivar-se de l\u2019\u00fas il\u00b7legal o indegut de la present p\u00e0gina web.<\/p><p> <\/p><h2>4. COOKIES<strong> <\/strong><\/h2><p>El lloc web del prestador pot utilitzar cookies (petits fitxers d\u2019informaci\u00f3 que el servidor envia a l\u2019ordinador de qui accedeix a la p\u00e0gina) per dur a terme determinades funcions considerades imprescindibles per al correcte funcionament i visualitzaci\u00f3 del lloc.<br>Les cookies utilitzades tenen, en tot cas, car\u00e0cter temporal, amb l\u2019\u00fanica finalitat de fer m\u00e9s efica\u00e7 la navegaci\u00f3, i desapareixen en acabar la sessi\u00f3 de l\u2019usuari. <\/p><p>En cap cas s\u2019utilitzaran les cookies per recollir informaci\u00f3 de car\u00e0cter personal. Per a m\u00e9s informaci\u00f3, vegeu la nostra Pol\u00edtica de Cookies. <\/p><p> <\/p><h2>5. ENLLA\u00c7OS (LINKS)<strong> <\/strong><\/h2><p>Des del lloc web \u00e9s possible que es redirigeixi a continguts patrocinats, anuncis i\/o enlla\u00e7os d\u2019afiliats i\/o de terceres webs.<\/p><p>Entre els enlla\u00e7os facilitats, existeix la possibilitat d\u2019informar o fer refer\u00e8ncia a productes i\/o serveis de tercers.<br>At\u00e8s que des del lloc web no podem controlar els continguts introdu\u00efts per tercers, PUBLICITAT DEL MONTSENY SL no assumeix cap tipus de responsabilitat respecte a aquests continguts, ni garanteix l\u2019experi\u00e8ncia, integritat o qualitat dels seus productes.<br>En tot cas, el prestador manifesta que procedir\u00e0 a la retirada immediata de qualsevol contingut que pugui contravenir la legislaci\u00f3 nacional o internacional, la moral o l\u2019ordre p\u00fablic, procedint a la retirada immediata de la redirecci\u00f3 a aquestes webs, i posant en coneixement de les autoritats competents el contingut en q\u00fcesti\u00f3.   <\/p><p>PUBLICITAT MONTSENY SL tindr\u00e0 publicats aquests enlla\u00e7os fins que siguin eliminats o suspesos pel prestador o per l\u2019anunciant, i no en ser\u00e0 responsable encara que aquests anuncis puguin ser indexats per altres cercadors aliens a aquesta web.<\/p><p>El prestador no es responsabilitza de la informaci\u00f3 i continguts emmagatzemats, a t\u00edtol enunciatiu per\u00f2 no limitatiu, en f\u00f2rums, xats, generadors de blogs, comentaris, xarxes socials o qualsevol altre mitj\u00e0 que permeti a tercers publicar continguts de manera independent a la p\u00e0gina web del prestador. No obstant aix\u00f2, i en compliment del que disposen els arts. 11 i 16 de la LSSICE, el prestador es posa a disposici\u00f3 de tots els usuaris, autoritats i forces de seguretat, col\u00b7laborant de manera activa en la retirada o, quan sigui necessari, el bloqueig de tots aquells continguts que puguin afectar o contravenir la legislaci\u00f3 nacional o internacional, drets de tercers o la moral i l\u2019ordre p\u00fablic. En cas que l\u2019usuari consideri que pot existir algun contingut que pogu\u00e9s ser susceptible d\u2019aquesta classificaci\u00f3, es prega que ho notifiqui de manera immediata a l\u2019administrador del lloc web.  <\/p><p>Tanmateix, PUBLICITAT DEL MONTSENY SL l\u2019informa que qualsevol relaci\u00f3 contractual o extracontractual que l\u2019usuari formalitzi amb aquests tercers, afiliats o anunciants mitjan\u00e7ant l\u2019enlla\u00e7 proporcionat per aquesta web, ser\u00e0 v\u00e0lida \u00fanicament i exclusivament entre l\u2019usuari i l\u2019anunciant i\/o<\/p><p>tercera persona i PUBLICITAT DEL MONTSENY SL no tindr\u00e0 cap tipus de responsabilitat sobre els danys o perjudicis que poguessin ser ocasionats per la prestaci\u00f3 de serveis i\/o relacions contractuals o extracontractuals realitzades entre l\u2019usuari i els anunciants o tercers contactats a trav\u00e9s d\u2019aquest portal, ja que el prestador nom\u00e9s actua com a intermediari o mitj\u00e0 publicitari.<\/p><p> <\/p><h2>6. PROTECCI\u00d3 DE DADES PERSONALS<strong> <\/strong><\/h2><p>El prestador est\u00e0 profundament comprom\u00e8s amb el compliment de la normativa de protecci\u00f3 de dades personals i garanteix el compliment \u00edntegre de les obligacions disposades, aix\u00ed com la implementaci\u00f3 de les mesures de seguretat establertes al Reglament Europeu de Protecci\u00f3 de Dades i a la normativa espanyola de protecci\u00f3 de dades. Per a m\u00e9s informaci\u00f3, vegeu la nostra Pol\u00edtica de Privacitat. <\/p><p> <\/p><h2>7. PROPIETAT INTEL\u00b7LECTUAL I INDUSTRIAL<strong> <\/strong><\/h2><p>El lloc web, incloent-hi a t\u00edtol enunciatiu per\u00f2 no limitatiu la programaci\u00f3, edici\u00f3, compilaci\u00f3 i altres elements necessaris per al seu funcionament, els dissenys, logotips, textos, fotografies i\/o gr\u00e0fics s\u00f3n propietat del prestador o, si fos necessari, disposa de la llic\u00e8ncia o autoritzaci\u00f3 expressa per part dels autors. Tots els continguts del lloc web es troben degudament protegits per la normativa de propietat intel\u00b7lectual i industrial. <\/p><p> <\/p><p>Independentment de la finalitat a qu\u00e8 estiguessin destinats, la reproducci\u00f3 total o parcial, l\u2019\u00fas, la distribuci\u00f3 i la comunicaci\u00f3 p\u00fablica requereixen l\u2019autoritzaci\u00f3 pr\u00e8via i per escrit per part del prestador. Qualsevol \u00fas no autoritzat pr\u00e8viament per part del prestador ser\u00e0 considerat un incompliment greu dels drets de propietat intel\u00b7lectual o industrial de l\u2019autor. <\/p><p> <\/p><p>Els dissenys, logotips, textos i\/o gr\u00e0fics aliens al prestador i que puguin apar\u00e8ixer al lloc web pertanyen als seus respectius propietaris, essent ells mateixos els responsables de qualsevol possible controv\u00e8rsia que pogu\u00e9s esdevenir respecte d\u2019aquests. En tot cas, el prestador compta amb l\u2019autoritzaci\u00f3 expressa i pr\u00e8via per part dels mateixos. <\/p><p> <\/p><p>El prestador reconeix a favor dels seus titulars els corresponents drets de propietat industrial i intel\u00b7lectual, no implicant la menci\u00f3 o aparici\u00f3 al lloc web l\u2019exist\u00e8ncia de drets ni cap responsabilitat del prestador sobre aquests, aix\u00ed com tampoc suport, patrocini o recomanaci\u00f3 per part seva.<\/p><p> <\/p><p>Per fer qualsevol tipus d\u2019observaci\u00f3 respecte a possibles incompliments dels drets de propietat intel\u00b7lectual o industrial, aix\u00ed com sobre qualsevol dels continguts del lloc web, podeu fer-ho a trav\u00e9s del correu electr\u00f2nic esmentat m\u00e9s amunt.<\/p><p> <\/p><h2>8. LLEI APLICABLE I JURISDICCI\u00d3<br><strong> <\/strong><\/h2><p>Per a la resoluci\u00f3 de les controv\u00e8rsies o q\u00fcestions relacionades amb la present p\u00e0gina web o amb les activitats que s\u2019hi desenvolupin, ser\u00e0 d\u2019aplicaci\u00f3 la legislaci\u00f3 espanyola, a la qual se sotmeten expressament les parts, essent competents per a la resoluci\u00f3 de tots els conflictes derivats o relacionats amb el seu \u00fas els Jutjats i Tribunals de Barcelona.<\/p>\t\t\t\t\t\t\t\t<\/div>\n\t\t\t\t<\/div>\n\t\t\t\t\t<\/div>\n\t\t<\/div>\n\t\t\t\t\t<\/div>\n\t\t<\/section>\n\t\t\t\t<\/div>\n\t\t","protected":false},"excerpt":{"rendered":"<p>AV\u00cdS LEGAL Amb la finalitat de donar compliment a l\u2019article 10 de la Llei 34\/2002 de Serveis de la Societat de la Informaci\u00f3 i de Comer\u00e7 Electr\u00f2nic, informem els usuaris de les nostres dades: Denominaci\u00f3 Social: PUBLICITAT MONTSENY SL Domicili social: C\/ Costa d&#8217;en Paratge, 22 baixos, 08500 Vic (Barcelona) NIF: B58650813 Tel\u00e9fono: 938852019 E-Mail: [&hellip;]<\/p>\n","protected":false},"author":1,"featured_media":0,"parent":0,"menu_order":0,"comment_status":"closed","ping_status":"closed","template":"","meta":{"footnotes":""},"class_list":["post-4600","page","type-page","status-publish","hentry"],"yoast_head":"<!-- This site is optimized with the Yoast SEO plugin v27.4 - https:\/\/yoast.com\/product\/yoast-seo-wordpress\/ -->\n<title>Av\u00eds legal - MC Advertising.net<\/title>\n<meta name=\"robots\" content=\"index, follow, max-snippet:-1, max-image-preview:large, max-video-preview:-1\" \/>\n<link rel=\"canonical\" href=\"https:\/\/mcadvertising.net\/ca\/avis-legal\/\" \/>\n<meta property=\"og:locale\" content=\"ca_ES\" \/>\n<meta property=\"og:type\" content=\"article\" \/>\n<meta property=\"og:title\" content=\"Av\u00eds legal - MC Advertising.net\" \/>\n<meta property=\"og:description\" content=\"AV\u00cdS LEGAL Amb la finalitat de donar compliment a l\u2019article 10 de la Llei 34\/2002 de Serveis de la Societat de la Informaci\u00f3 i de Comer\u00e7 Electr\u00f2nic, informem els usuaris de les nostres dades: Denominaci\u00f3 Social: PUBLICITAT MONTSENY SL Domicili social: C\/ Costa d&#8217;en Paratge, 22 baixos, 08500 Vic (Barcelona) NIF: B58650813 Tel\u00e9fono: 938852019 E-Mail: [&hellip;]\" \/>\n<meta property=\"og:url\" content=\"https:\/\/mcadvertising.net\/ca\/avis-legal\/\" \/>\n<meta property=\"og:site_name\" content=\"MC Advertising.net\" \/>\n<meta property=\"article:modified_time\" content=\"2025-09-26T10:42:15+00:00\" \/>\n<meta name=\"twitter:card\" content=\"summary_large_image\" \/>\n<meta name=\"twitter:label1\" content=\"Temps estimat de lectura\" \/>\n\t<meta name=\"twitter:data1\" content=\"10 minuts\" \/>\n<script type=\"application\/ld+json\" class=\"yoast-schema-graph\">{\"@context\":\"https:\\\/\\\/schema.org\",\"@graph\":[{\"@type\":\"WebPage\",\"@id\":\"https:\\\/\\\/mcadvertising.net\\\/ca\\\/avis-legal\\\/\",\"url\":\"https:\\\/\\\/mcadvertising.net\\\/ca\\\/avis-legal\\\/\",\"name\":\"Av\u00eds legal - MC Advertising.net\",\"isPartOf\":{\"@id\":\"https:\\\/\\\/mcadvertising.net\\\/ca\\\/#website\"},\"datePublished\":\"2025-05-20T20:50:29+00:00\",\"dateModified\":\"2025-09-26T10:42:15+00:00\",\"breadcrumb\":{\"@id\":\"https:\\\/\\\/mcadvertising.net\\\/ca\\\/avis-legal\\\/#breadcrumb\"},\"inLanguage\":\"ca\",\"potentialAction\":[{\"@type\":\"ReadAction\",\"target\":[\"https:\\\/\\\/mcadvertising.net\\\/ca\\\/avis-legal\\\/\"]}]},{\"@type\":\"BreadcrumbList\",\"@id\":\"https:\\\/\\\/mcadvertising.net\\\/ca\\\/avis-legal\\\/#breadcrumb\",\"itemListElement\":[{\"@type\":\"ListItem\",\"position\":1,\"name\":\"Portada\",\"item\":\"https:\\\/\\\/mcadvertising.net\\\/ca\\\/\"},{\"@type\":\"ListItem\",\"position\":2,\"name\":\"Av\u00eds legal\"}]},{\"@type\":\"WebSite\",\"@id\":\"https:\\\/\\\/mcadvertising.net\\\/ca\\\/#website\",\"url\":\"https:\\\/\\\/mcadvertising.net\\\/ca\\\/\",\"name\":\"MC Advertising\",\"description\":\"\",\"publisher\":{\"@id\":\"https:\\\/\\\/mcadvertising.net\\\/ca\\\/#organization\"},\"potentialAction\":[{\"@type\":\"SearchAction\",\"target\":{\"@type\":\"EntryPoint\",\"urlTemplate\":\"https:\\\/\\\/mcadvertising.net\\\/ca\\\/?s={search_term_string}\"},\"query-input\":{\"@type\":\"PropertyValueSpecification\",\"valueRequired\":true,\"valueName\":\"search_term_string\"}}],\"inLanguage\":\"ca\"},{\"@type\":\"Organization\",\"@id\":\"https:\\\/\\\/mcadvertising.net\\\/ca\\\/#organization\",\"name\":\"MC Advertising\",\"url\":\"https:\\\/\\\/mcadvertising.net\\\/ca\\\/\",\"logo\":{\"@type\":\"ImageObject\",\"inLanguage\":\"ca\",\"@id\":\"https:\\\/\\\/mcadvertising.net\\\/ca\\\/#\\\/schema\\\/logo\\\/image\\\/\",\"url\":\"https:\\\/\\\/mcadvertising.net\\\/wp-content\\\/uploads\\\/2025\\\/06\\\/LOGO_MC-r.png\",\"contentUrl\":\"https:\\\/\\\/mcadvertising.net\\\/wp-content\\\/uploads\\\/2025\\\/06\\\/LOGO_MC-r.png\",\"width\":1200,\"height\":173,\"caption\":\"MC Advertising\"},\"image\":{\"@id\":\"https:\\\/\\\/mcadvertising.net\\\/ca\\\/#\\\/schema\\\/logo\\\/image\\\/\"},\"sameAs\":[\"https:\\\/\\\/www.linkedin.com\\\/company\\\/mcadvertising\\\/\",\"https:\\\/\\\/www.instagram.com\\\/mcadvertising_net\",\"https:\\\/\\\/www.youtube.com\\\/@mc.advertising\"]}]}<\/script>\n<!-- \/ Yoast SEO plugin. -->","yoast_head_json":{"title":"Av\u00eds legal - MC Advertising.net","robots":{"index":"index","follow":"follow","max-snippet":"max-snippet:-1","max-image-preview":"max-image-preview:large","max-video-preview":"max-video-preview:-1"},"canonical":"https:\/\/mcadvertising.net\/ca\/avis-legal\/","og_locale":"ca_ES","og_type":"article","og_title":"Av\u00eds legal - MC Advertising.net","og_description":"AV\u00cdS LEGAL Amb la finalitat de donar compliment a l\u2019article 10 de la Llei 34\/2002 de Serveis de la Societat de la Informaci\u00f3 i de Comer\u00e7 Electr\u00f2nic, informem els usuaris de les nostres dades: Denominaci\u00f3 Social: PUBLICITAT MONTSENY SL Domicili social: C\/ Costa d&#8217;en Paratge, 22 baixos, 08500 Vic (Barcelona) NIF: B58650813 Tel\u00e9fono: 938852019 E-Mail: [&hellip;]","og_url":"https:\/\/mcadvertising.net\/ca\/avis-legal\/","og_site_name":"MC Advertising.net","article_modified_time":"2025-09-26T10:42:15+00:00","twitter_card":"summary_large_image","twitter_misc":{"Temps estimat de lectura":"10 minuts"},"schema":{"@context":"https:\/\/schema.org","@graph":[{"@type":"WebPage","@id":"https:\/\/mcadvertising.net\/ca\/avis-legal\/","url":"https:\/\/mcadvertising.net\/ca\/avis-legal\/","name":"Av\u00eds legal - MC Advertising.net","isPartOf":{"@id":"https:\/\/mcadvertising.net\/ca\/#website"},"datePublished":"2025-05-20T20:50:29+00:00","dateModified":"2025-09-26T10:42:15+00:00","breadcrumb":{"@id":"https:\/\/mcadvertising.net\/ca\/avis-legal\/#breadcrumb"},"inLanguage":"ca","potentialAction":[{"@type":"ReadAction","target":["https:\/\/mcadvertising.net\/ca\/avis-legal\/"]}]},{"@type":"BreadcrumbList","@id":"https:\/\/mcadvertising.net\/ca\/avis-legal\/#breadcrumb","itemListElement":[{"@type":"ListItem","position":1,"name":"Portada","item":"https:\/\/mcadvertising.net\/ca\/"},{"@type":"ListItem","position":2,"name":"Av\u00eds legal"}]},{"@type":"WebSite","@id":"https:\/\/mcadvertising.net\/ca\/#website","url":"https:\/\/mcadvertising.net\/ca\/","name":"MC Advertising","description":"","publisher":{"@id":"https:\/\/mcadvertising.net\/ca\/#organization"},"potentialAction":[{"@type":"SearchAction","target":{"@type":"EntryPoint","urlTemplate":"https:\/\/mcadvertising.net\/ca\/?s={search_term_string}"},"query-input":{"@type":"PropertyValueSpecification","valueRequired":true,"valueName":"search_term_string"}}],"inLanguage":"ca"},{"@type":"Organization","@id":"https:\/\/mcadvertising.net\/ca\/#organization","name":"MC Advertising","url":"https:\/\/mcadvertising.net\/ca\/","logo":{"@type":"ImageObject","inLanguage":"ca","@id":"https:\/\/mcadvertising.net\/ca\/#\/schema\/logo\/image\/","url":"https:\/\/mcadvertising.net\/wp-content\/uploads\/2025\/06\/LOGO_MC-r.png","contentUrl":"https:\/\/mcadvertising.net\/wp-content\/uploads\/2025\/06\/LOGO_MC-r.png","width":1200,"height":173,"caption":"MC Advertising"},"image":{"@id":"https:\/\/mcadvertising.net\/ca\/#\/schema\/logo\/image\/"},"sameAs":["https:\/\/www.linkedin.com\/company\/mcadvertising\/","https:\/\/www.instagram.com\/mcadvertising_net","https:\/\/www.youtube.com\/@mc.advertising"]}]}},"_links":{"self":[{"href":"https:\/\/mcadvertising.net\/ca\/wp-json\/wp\/v2\/pages\/4600","targetHints":{"allow":["GET"]}}],"collection":[{"href":"https:\/\/mcadvertising.net\/ca\/wp-json\/wp\/v2\/pages"}],"about":[{"href":"https:\/\/mcadvertising.net\/ca\/wp-json\/wp\/v2\/types\/page"}],"author":[{"embeddable":true,"href":"https:\/\/mcadvertising.net\/ca\/wp-json\/wp\/v2\/users\/1"}],"replies":[{"embeddable":true,"href":"https:\/\/mcadvertising.net\/ca\/wp-json\/wp\/v2\/comments?post=4600"}],"version-history":[{"count":1,"href":"https:\/\/mcadvertising.net\/ca\/wp-json\/wp\/v2\/pages\/4600\/revisions"}],"predecessor-version":[{"id":4601,"href":"https:\/\/mcadvertising.net\/ca\/wp-json\/wp\/v2\/pages\/4600\/revisions\/4601"}],"wp:attachment":[{"href":"https:\/\/mcadvertising.net\/ca\/wp-json\/wp\/v2\/media?parent=4600"}],"curies":[{"name":"wp","href":"https:\/\/api.w.org\/{rel}","templated":true}]}}