{"id":3624,"date":"2025-05-20T23:31:34","date_gmt":"2025-05-20T21:31:34","guid":{"rendered":"https:\/\/mcadvertising.net\/web-contact\/"},"modified":"2025-07-08T14:48:55","modified_gmt":"2025-07-08T12:48:55","slug":"web-contact","status":"publish","type":"page","link":"https:\/\/mcadvertising.net\/en\/web-contact\/","title":{"rendered":"Web Contact"},"content":{"rendered":"\t\t<div data-elementor-type=\"wp-page\" data-elementor-id=\"3624\" class=\"elementor elementor-3624 elementor-3072\" data-elementor-post-type=\"page\">\n\t\t\t\t\t\t<section data-particle_enable=\"false\" data-particle-mobile-disabled=\"false\" class=\"elementor-section elementor-top-section elementor-element elementor-element-bfb0ae7 elementor-section-boxed elementor-section-height-default elementor-section-height-default\" data-id=\"bfb0ae7\" data-element_type=\"section\">\n\t\t\t\t\t\t<div class=\"elementor-container elementor-column-gap-no\">\n\t\t\t\t\t<div class=\"elementor-column elementor-col-100 elementor-top-column elementor-element elementor-element-ab6ff31\" data-id=\"ab6ff31\" data-element_type=\"column\">\n\t\t\t<div class=\"elementor-widget-wrap elementor-element-populated\">\n\t\t\t\t\t\t<div class=\"elementor-element elementor-element-d97f659 elementor-widget elementor-widget-heading\" data-id=\"d97f659\" data-element_type=\"widget\" data-widget_type=\"heading.default\">\n\t\t\t\t<div class=\"elementor-widget-container\">\n\t\t\t\t\t<h2 class=\"elementor-heading-title elementor-size-default\">WEB CONTACT SECTION CLAUSE\n<\/h2>\t\t\t\t<\/div>\n\t\t\t\t<\/div>\n\t\t\t\t<div class=\"elementor-element elementor-element-6e94aa5 elementor-widget elementor-widget-text-editor\" data-id=\"6e94aa5\" data-element_type=\"widget\" data-widget_type=\"text-editor.default\">\n\t\t\t\t<div class=\"elementor-widget-container\">\n\t\t\t\t\t\t\t\t\t<p>The communication of your data will be processed by the Data Controller <strong>PUBLICITAT MONTSENY SL<\/strong>. This communication will be used exclusively to process your data in order to respond to your request, always in accordance with Regulation (EU) 2016\/679 of April 27, 2016 (GDPR), Organic Law 3\/2018 of December 5 (LOPDGDD), and other current legal regulations on personal data protection. Your data will not be disclosed to third parties, except when legally required, and will be retained unless you request its deletion.<\/p><p>En cualquier momento usted puede ejercer los derechos de acceso, rectificaci\u00f3n, portabilidad y oposici\u00f3n, o si procede, a la limitaci\u00f3n y\/o cancelaci\u00f3n del tratamiento, comunic\u00e1ndolo por escrito, indicando sus datos personales a C\/ Costa d&#8217;en Paratge, 22 baixos 08500, Vic o mediante un email a <a href=\"mailto:sandra@mcadvertising.net\">sandra@mcadvertising.net.<\/a><\/p>\t\t\t\t\t\t\t\t<\/div>\n\t\t\t\t<\/div>\n\t\t\t\t\t<\/div>\n\t\t<\/div>\n\t\t\t\t\t<\/div>\n\t\t<\/section>\n\t\t\t\t<\/div>\n\t\t","protected":false},"excerpt":{"rendered":"<p>WEB CONTACT SECTION CLAUSE The communication of your data will be processed by the Data Controller PUBLICITAT MONTSENY SL. This communication will be used exclusively to process your data in order to respond to your request, always in accordance with Regulation (EU) 2016\/679 of April 27, 2016 (GDPR), Organic Law 3\/2018 of December 5 (LOPDGDD), [&hellip;]<\/p>\n","protected":false},"author":1,"featured_media":0,"parent":0,"menu_order":0,"comment_status":"closed","ping_status":"closed","template":"","meta":{"footnotes":""},"class_list":["post-3624","page","type-page","status-publish","hentry"],"yoast_head":"<!-- This site is optimized with the Yoast SEO plugin v27.4 - https:\/\/yoast.com\/product\/yoast-seo-wordpress\/ -->\n<title>Web Contact - MC Advertising.net<\/title>\n<meta name=\"robots\" content=\"index, follow, max-snippet:-1, max-image-preview:large, max-video-preview:-1\" \/>\n<link rel=\"canonical\" href=\"https:\/\/mcadvertising.net\/en\/web-contact\/\" \/>\n<meta property=\"og:locale\" content=\"en_US\" \/>\n<meta property=\"og:type\" content=\"article\" \/>\n<meta property=\"og:title\" content=\"Web Contact - MC Advertising.net\" \/>\n<meta property=\"og:description\" content=\"WEB CONTACT SECTION CLAUSE The communication of your data will be processed by the Data Controller PUBLICITAT MONTSENY SL. This communication will be used exclusively to process your data in order to respond to your request, always in accordance with Regulation (EU) 2016\/679 of April 27, 2016 (GDPR), Organic Law 3\/2018 of December 5 (LOPDGDD), [&hellip;]\" \/>\n<meta property=\"og:url\" content=\"https:\/\/mcadvertising.net\/en\/web-contact\/\" \/>\n<meta property=\"og:site_name\" content=\"MC Advertising.net\" \/>\n<meta property=\"article:modified_time\" content=\"2025-07-08T12:48:55+00:00\" \/>\n<meta name=\"twitter:card\" content=\"summary_large_image\" \/>\n<meta name=\"twitter:label1\" content=\"Est. reading time\" \/>\n\t<meta name=\"twitter:data1\" content=\"1 minute\" \/>\n<script type=\"application\/ld+json\" class=\"yoast-schema-graph\">{\"@context\":\"https:\\\/\\\/schema.org\",\"@graph\":[{\"@type\":\"WebPage\",\"@id\":\"https:\\\/\\\/mcadvertising.net\\\/en\\\/web-contact\\\/\",\"url\":\"https:\\\/\\\/mcadvertising.net\\\/en\\\/web-contact\\\/\",\"name\":\"Web Contact - MC Advertising.net\",\"isPartOf\":{\"@id\":\"https:\\\/\\\/mcadvertising.net\\\/en\\\/#website\"},\"datePublished\":\"2025-05-20T21:31:34+00:00\",\"dateModified\":\"2025-07-08T12:48:55+00:00\",\"breadcrumb\":{\"@id\":\"https:\\\/\\\/mcadvertising.net\\\/en\\\/web-contact\\\/#breadcrumb\"},\"inLanguage\":\"en-US\",\"potentialAction\":[{\"@type\":\"ReadAction\",\"target\":[\"https:\\\/\\\/mcadvertising.net\\\/en\\\/web-contact\\\/\"]}]},{\"@type\":\"BreadcrumbList\",\"@id\":\"https:\\\/\\\/mcadvertising.net\\\/en\\\/web-contact\\\/#breadcrumb\",\"itemListElement\":[{\"@type\":\"ListItem\",\"position\":1,\"name\":\"Portada\",\"item\":\"https:\\\/\\\/mcadvertising.net\\\/en\\\/\"},{\"@type\":\"ListItem\",\"position\":2,\"name\":\"Web Contact\"}]},{\"@type\":\"WebSite\",\"@id\":\"https:\\\/\\\/mcadvertising.net\\\/en\\\/#website\",\"url\":\"https:\\\/\\\/mcadvertising.net\\\/en\\\/\",\"name\":\"MC Advertising\",\"description\":\"\",\"publisher\":{\"@id\":\"https:\\\/\\\/mcadvertising.net\\\/en\\\/#organization\"},\"potentialAction\":[{\"@type\":\"SearchAction\",\"target\":{\"@type\":\"EntryPoint\",\"urlTemplate\":\"https:\\\/\\\/mcadvertising.net\\\/en\\\/?s={search_term_string}\"},\"query-input\":{\"@type\":\"PropertyValueSpecification\",\"valueRequired\":true,\"valueName\":\"search_term_string\"}}],\"inLanguage\":\"en-US\"},{\"@type\":\"Organization\",\"@id\":\"https:\\\/\\\/mcadvertising.net\\\/en\\\/#organization\",\"name\":\"MC Advertising\",\"url\":\"https:\\\/\\\/mcadvertising.net\\\/en\\\/\",\"logo\":{\"@type\":\"ImageObject\",\"inLanguage\":\"en-US\",\"@id\":\"https:\\\/\\\/mcadvertising.net\\\/en\\\/#\\\/schema\\\/logo\\\/image\\\/\",\"url\":\"https:\\\/\\\/mcadvertising.net\\\/wp-content\\\/uploads\\\/2025\\\/06\\\/LOGO_MC-r.png\",\"contentUrl\":\"https:\\\/\\\/mcadvertising.net\\\/wp-content\\\/uploads\\\/2025\\\/06\\\/LOGO_MC-r.png\",\"width\":1200,\"height\":173,\"caption\":\"MC Advertising\"},\"image\":{\"@id\":\"https:\\\/\\\/mcadvertising.net\\\/en\\\/#\\\/schema\\\/logo\\\/image\\\/\"},\"sameAs\":[\"https:\\\/\\\/www.linkedin.com\\\/company\\\/mcadvertising\\\/\",\"https:\\\/\\\/www.instagram.com\\\/mcadvertising_net\",\"https:\\\/\\\/www.youtube.com\\\/@mc.advertising\"]}]}<\/script>\n<!-- \/ Yoast SEO plugin. -->","yoast_head_json":{"title":"Web Contact - MC Advertising.net","robots":{"index":"index","follow":"follow","max-snippet":"max-snippet:-1","max-image-preview":"max-image-preview:large","max-video-preview":"max-video-preview:-1"},"canonical":"https:\/\/mcadvertising.net\/en\/web-contact\/","og_locale":"en_US","og_type":"article","og_title":"Web Contact - MC Advertising.net","og_description":"WEB CONTACT SECTION CLAUSE The communication of your data will be processed by the Data Controller PUBLICITAT MONTSENY SL. This communication will be used exclusively to process your data in order to respond to your request, always in accordance with Regulation (EU) 2016\/679 of April 27, 2016 (GDPR), Organic Law 3\/2018 of December 5 (LOPDGDD), [&hellip;]","og_url":"https:\/\/mcadvertising.net\/en\/web-contact\/","og_site_name":"MC Advertising.net","article_modified_time":"2025-07-08T12:48:55+00:00","twitter_card":"summary_large_image","twitter_misc":{"Est. reading time":"1 minute"},"schema":{"@context":"https:\/\/schema.org","@graph":[{"@type":"WebPage","@id":"https:\/\/mcadvertising.net\/en\/web-contact\/","url":"https:\/\/mcadvertising.net\/en\/web-contact\/","name":"Web Contact - MC Advertising.net","isPartOf":{"@id":"https:\/\/mcadvertising.net\/en\/#website"},"datePublished":"2025-05-20T21:31:34+00:00","dateModified":"2025-07-08T12:48:55+00:00","breadcrumb":{"@id":"https:\/\/mcadvertising.net\/en\/web-contact\/#breadcrumb"},"inLanguage":"en-US","potentialAction":[{"@type":"ReadAction","target":["https:\/\/mcadvertising.net\/en\/web-contact\/"]}]},{"@type":"BreadcrumbList","@id":"https:\/\/mcadvertising.net\/en\/web-contact\/#breadcrumb","itemListElement":[{"@type":"ListItem","position":1,"name":"Portada","item":"https:\/\/mcadvertising.net\/en\/"},{"@type":"ListItem","position":2,"name":"Web Contact"}]},{"@type":"WebSite","@id":"https:\/\/mcadvertising.net\/en\/#website","url":"https:\/\/mcadvertising.net\/en\/","name":"MC Advertising","description":"","publisher":{"@id":"https:\/\/mcadvertising.net\/en\/#organization"},"potentialAction":[{"@type":"SearchAction","target":{"@type":"EntryPoint","urlTemplate":"https:\/\/mcadvertising.net\/en\/?s={search_term_string}"},"query-input":{"@type":"PropertyValueSpecification","valueRequired":true,"valueName":"search_term_string"}}],"inLanguage":"en-US"},{"@type":"Organization","@id":"https:\/\/mcadvertising.net\/en\/#organization","name":"MC Advertising","url":"https:\/\/mcadvertising.net\/en\/","logo":{"@type":"ImageObject","inLanguage":"en-US","@id":"https:\/\/mcadvertising.net\/en\/#\/schema\/logo\/image\/","url":"https:\/\/mcadvertising.net\/wp-content\/uploads\/2025\/06\/LOGO_MC-r.png","contentUrl":"https:\/\/mcadvertising.net\/wp-content\/uploads\/2025\/06\/LOGO_MC-r.png","width":1200,"height":173,"caption":"MC Advertising"},"image":{"@id":"https:\/\/mcadvertising.net\/en\/#\/schema\/logo\/image\/"},"sameAs":["https:\/\/www.linkedin.com\/company\/mcadvertising\/","https:\/\/www.instagram.com\/mcadvertising_net","https:\/\/www.youtube.com\/@mc.advertising"]}]}},"_links":{"self":[{"href":"https:\/\/mcadvertising.net\/en\/wp-json\/wp\/v2\/pages\/3624","targetHints":{"allow":["GET"]}}],"collection":[{"href":"https:\/\/mcadvertising.net\/en\/wp-json\/wp\/v2\/pages"}],"about":[{"href":"https:\/\/mcadvertising.net\/en\/wp-json\/wp\/v2\/types\/page"}],"author":[{"embeddable":true,"href":"https:\/\/mcadvertising.net\/en\/wp-json\/wp\/v2\/users\/1"}],"replies":[{"embeddable":true,"href":"https:\/\/mcadvertising.net\/en\/wp-json\/wp\/v2\/comments?post=3624"}],"version-history":[{"count":1,"href":"https:\/\/mcadvertising.net\/en\/wp-json\/wp\/v2\/pages\/3624\/revisions"}],"predecessor-version":[{"id":3625,"href":"https:\/\/mcadvertising.net\/en\/wp-json\/wp\/v2\/pages\/3624\/revisions\/3625"}],"wp:attachment":[{"href":"https:\/\/mcadvertising.net\/en\/wp-json\/wp\/v2\/media?parent=3624"}],"curies":[{"name":"wp","href":"https:\/\/api.w.org\/{rel}","templated":true}]}}